{"id":801,"date":"2022-04-04T12:57:00","date_gmt":"2022-04-04T12:57:00","guid":{"rendered":"https:\/\/kaffen-demo.bslthemes.com\/?page_id=801"},"modified":"2023-08-21T19:11:18","modified_gmt":"2023-08-21T19:11:18","slug":"contacto","status":"publish","type":"page","link":"https:\/\/cafelapuerta.com\/index.php\/contacto\/","title":{"rendered":"Contacto y ubicaci\u00f3n"},"content":{"rendered":"\t\t<div data-elementor-type=\"wp-page\" data-elementor-id=\"801\" class=\"elementor elementor-801\" data-elementor-post-type=\"page\">\n\t\t\t\t\t\t<section class=\"elementor-section elementor-top-section elementor-element elementor-element-8f8ac44 elementor-section-full_width elementor-section-height-default elementor-section-height-default\" data-id=\"8f8ac44\" data-element_type=\"section\" data-e-type=\"section\">\n\t\t\t\t\t\t<div class=\"elementor-container elementor-column-gap-no\">\n\t\t\t\t\t<div class=\"elementor-column elementor-col-100 elementor-top-column elementor-element elementor-element-d6dc54b\" data-id=\"d6dc54b\" data-element_type=\"column\" data-e-type=\"column\">\n\t\t\t<div class=\"elementor-widget-wrap elementor-element-populated\">\n\t\t\t\t\t\t<div class=\"elementor-element elementor-element-f6a87eb elementor-widget elementor-widget-kaffen-contact-info\" data-id=\"f6a87eb\" data-element_type=\"widget\" data-e-type=\"widget\" data-widget_type=\"kaffen-contact-info.default\">\n\t\t\t\t<div class=\"elementor-widget-container\">\n\t\t\t\t\t\n\t\t<!-- Section Contacts Info -->\n\t\t<section class=\"section kf-contacts-info\">\n\t\t\t<div class=\"container\">\n\t\t\t\t\t\t\t\t<div class=\"kf-contacts-items row\">\n\t\t\t\t\t\t\t\t\t\t<div class=\"col-xs-12 col-sm-12 col-md-6 col-lg-4 align-center\">\n\t\t\t\t\t\t<div class=\"kf-contacts-item element-anim-1 scroll-animate\" data-animate=\"active\">\n\t\t\t\t\t\t\t\t\t\t\t\t\t\t<div class=\"image\">\n\t\t\t\t\t\t\t\t<i aria-hidden=\"true\" class=\"far la-map\"><\/i>\t\t\t\t\t\t\t<\/div>\n\t\t\t\t\t\t\t\t\t\t\t\t\t\t<div class=\"desc\">\n\t\t\t\t\t\t\t\t\t\t\t\t\t\t\t\t<h5 class=\"name\">\n\t\t\t\t\t\t\t\t\t<span >\n                    Nuestra ubicaci\u00f3n                  <\/span>\n\t\t\t\t\t\t\t\t<\/h5>\n\t\t\t\t\t\t\t\t\t\t\t\t\t\t\t\t\t\t\t\t\t\t\t\t<ul>\n\t\t\t\t\t\t\t\t\t<li>\n\t\t\t\t\t\t\t\t\t\t<div >\n\t                    <p><a href=\"https:\/\/goo.gl\/maps\/UK5qH6hzkmt1EeWS6\">Oaxaca 1A, Centro, Dolores Hidalgo, Guanajuato, M\u00e9xico.<\/a><\/p>\t                  <\/div>\n\t\t\t\t\t\t\t\t\t<\/li>\n\t\t\t\t\t\t\t\t<\/ul>\n\t\t\t\t\t\t\t\t\t\t\t\t\t\t\t<\/div>\n\t\t\t\t\t\t<\/div>\n\t\t\t\t\t<\/div>\n\t\t\t\t\t\t\t\t\t\t<div class=\"col-xs-12 col-sm-12 col-md-6 col-lg-4 align-center\">\n\t\t\t\t\t\t<div class=\"kf-contacts-item element-anim-1 scroll-animate\" data-animate=\"active\">\n\t\t\t\t\t\t\t\t\t\t\t\t\t\t<div class=\"image\">\n\t\t\t\t\t\t\t\t<i aria-hidden=\"true\" class=\"far la-envelope\"><\/i>\t\t\t\t\t\t\t<\/div>\n\t\t\t\t\t\t\t\t\t\t\t\t\t\t<div class=\"desc\">\n\t\t\t\t\t\t\t\t\t\t\t\t\t\t\t\t<h5 class=\"name\">\n\t\t\t\t\t\t\t\t\t<span >\n                    Escr\u00edbenos                  <\/span>\n\t\t\t\t\t\t\t\t<\/h5>\n\t\t\t\t\t\t\t\t\t\t\t\t\t\t\t\t\t\t\t\t\t\t\t\t<ul>\n\t\t\t\t\t\t\t\t\t<li>\n\t\t\t\t\t\t\t\t\t\t<div >\n\t                    <p><a href=\"mailto:cafelapuertadh@gmail.com\">cafelapuertadh@gmail.com<\/a><\/p>\t                  <\/div>\n\t\t\t\t\t\t\t\t\t<\/li>\n\t\t\t\t\t\t\t\t<\/ul>\n\t\t\t\t\t\t\t\t\t\t\t\t\t\t\t<\/div>\n\t\t\t\t\t\t<\/div>\n\t\t\t\t\t<\/div>\n\t\t\t\t\t\t\t\t\t\t<div class=\"col-xs-12 col-sm-12 col-md-6 col-lg-4 align-center\">\n\t\t\t\t\t\t<div class=\"kf-contacts-item element-anim-1 scroll-animate\" data-animate=\"active\">\n\t\t\t\t\t\t\t\t\t\t\t\t\t\t<div class=\"image\">\n\t\t\t\t\t\t\t\t<i aria-hidden=\"true\" class=\"las la-headset\"><\/i>\t\t\t\t\t\t\t<\/div>\n\t\t\t\t\t\t\t\t\t\t\t\t\t\t<div class=\"desc\">\n\t\t\t\t\t\t\t\t\t\t\t\t\t\t\t\t<h5 class=\"name\">\n\t\t\t\t\t\t\t\t\t<span >\n                    Ll\u00e1manos                  <\/span>\n\t\t\t\t\t\t\t\t<\/h5>\n\t\t\t\t\t\t\t\t\t\t\t\t\t\t\t\t\t\t\t\t\t\t\t\t<ul>\n\t\t\t\t\t\t\t\t\t<li>\n\t\t\t\t\t\t\t\t\t\t<div >\n\t                    <p><a href=\"tel:+52 418 126 9000\">+52 418 126 9000<\/a><\/p>\t                  <\/div>\n\t\t\t\t\t\t\t\t\t<\/li>\n\t\t\t\t\t\t\t\t<\/ul>\n\t\t\t\t\t\t\t\t\t\t\t\t\t\t\t<\/div>\n\t\t\t\t\t\t<\/div>\n\t\t\t\t\t<\/div>\n\t\t\t\t\t\t\t\t\t<\/div>\n\t\t\t\t\t\t\t<\/div>\n\t\t<\/section>\n\n\t\t\t\t\t\t<\/div>\n\t\t\t\t<\/div>\n\t\t\t\t\t<\/div>\n\t\t<\/div>\n\t\t\t\t\t<\/div>\n\t\t<\/section>\n\t\t\t\t<section class=\"elementor-section elementor-top-section elementor-element elementor-element-9b63b45 elementor-section-full_width elementor-section-height-default elementor-section-height-default\" data-id=\"9b63b45\" data-element_type=\"section\" data-e-type=\"section\">\n\t\t\t\t\t\t<div class=\"elementor-container elementor-column-gap-no\">\n\t\t\t\t\t<div class=\"elementor-column elementor-col-100 elementor-top-column elementor-element elementor-element-6b2eb3f\" data-id=\"6b2eb3f\" data-element_type=\"column\" data-e-type=\"column\">\n\t\t\t<div class=\"elementor-widget-wrap elementor-element-populated\">\n\t\t\t\t\t\t<div class=\"elementor-element elementor-element-97b0921 elementor-widget elementor-widget-google_maps\" data-id=\"97b0921\" data-element_type=\"widget\" data-e-type=\"widget\" data-widget_type=\"google_maps.default\">\n\t\t\t\t<div class=\"elementor-widget-container\">\n\t\t\t\t\t\t\t<div class=\"elementor-custom-embed\">\n\t\t\t<iframe loading=\"lazy\"\n\t\t\t\t\tsrc=\"https:\/\/maps.google.com\/maps?q=Caf%C3%A9%20La%20Puerta%20Dolores%20Hidalgo&#038;t=m&#038;z=18&#038;output=embed&#038;iwloc=near\"\n\t\t\t\t\ttitle=\"Caf\u00e9 La Puerta Dolores Hidalgo\"\n\t\t\t\t\taria-label=\"Caf\u00e9 La Puerta Dolores Hidalgo\"\n\t\t\t><\/iframe>\n\t\t<\/div>\n\t\t\t\t\t\t<\/div>\n\t\t\t\t<\/div>\n\t\t\t\t\t<\/div>\n\t\t<\/div>\n\t\t\t\t\t<\/div>\n\t\t<\/section>\n\t\t\t\t<section class=\"elementor-section elementor-top-section elementor-element elementor-element-35b230a elementor-section-boxed elementor-section-height-default elementor-section-height-default\" data-id=\"35b230a\" data-element_type=\"section\" data-e-type=\"section\">\n\t\t\t\t\t\t<div class=\"elementor-container elementor-column-gap-default\">\n\t\t\t\t\t<div class=\"elementor-column elementor-col-100 elementor-top-column elementor-element elementor-element-d119268\" data-id=\"d119268\" data-element_type=\"column\" data-e-type=\"column\">\n\t\t\t<div class=\"elementor-widget-wrap elementor-element-populated\">\n\t\t\t\t\t\t<div class=\"elementor-element elementor-element-85c5383 elementor-widget-divider--view-line elementor-widget elementor-widget-divider\" data-id=\"85c5383\" data-element_type=\"widget\" data-e-type=\"widget\" data-widget_type=\"divider.default\">\n\t\t\t\t<div class=\"elementor-widget-container\">\n\t\t\t\t\t\t\t<div class=\"elementor-divider\">\n\t\t\t<span class=\"elementor-divider-separator\">\n\t\t\t\t\t\t<\/span>\n\t\t<\/div>\n\t\t\t\t\t\t<\/div>\n\t\t\t\t<\/div>\n\t\t\t\t\t<\/div>\n\t\t<\/div>\n\t\t\t\t\t<\/div>\n\t\t<\/section>\n\t\t\t\t<section class=\"elementor-section elementor-top-section elementor-element elementor-element-a8de42d elementor-section-full_width elementor-section-height-default elementor-section-height-default\" data-id=\"a8de42d\" data-element_type=\"section\" data-e-type=\"section\">\n\t\t\t\t\t\t<div class=\"elementor-container elementor-column-gap-no\">\n\t\t\t\t\t<div class=\"elementor-column elementor-col-100 elementor-top-column elementor-element elementor-element-5c7e58c\" data-id=\"5c7e58c\" data-element_type=\"column\" data-e-type=\"column\">\n\t\t\t<div class=\"elementor-widget-wrap elementor-element-populated\">\n\t\t\t\t\t\t<div class=\"elementor-element elementor-element-f5993e0 elementor-widget elementor-widget-kaffen-instagram-carousel\" data-id=\"f5993e0\" data-element_type=\"widget\" data-e-type=\"widget\" data-widget_type=\"kaffen-instagram-carousel.default\">\n\t\t\t\t<div class=\"elementor-widget-container\">\n\t\t\t\t\t\n\t\t<!-- Section Insta Carousel -->\n\t\t<section class=\"section kf-insta-carousel element-anim-1 scroll-animate\" data-animate=\"active\">\n\t\t\t<div class=\"container\">\n\t\t\t\t<div class=\"swiper-container\">\n\n\t\t\t\t\t<div class=\"swiper-wrapper\">\n\t\t\t\t\t\t\t\t\t\t\t\t\t\t\t\t\t\t\t\t\t\t\t\t<div class=\"swiper-slide\">\n\t\t\t\t\t\t\t<div class=\"slide-item\">\n\t\t\t\t\t\t\t\t<div class=\"image kf-image-hover\">\n\t\t\t\t\t\t\t\t\t\t\t\t\t\t\t\t\t\t<a href=\"https:\/\/www.instagram.com\/p\/Cv7eM57t3q1\/\" target=\"_blank\">\n\t\t\t\t\t\t\t\t\t\t<img decoding=\"async\" src=\"https:\/\/cafelapuerta.com\/wp-content\/uploads\/2023\/08\/Publicaciones-Cafe-La-Puerta24.png\" alt=\"Item #0\" \/>\n\t\t\t\t\t\t\t\t\t\t<i class=\"fab fa-instagram\"><\/i>\n\t\t\t\t\t\t\t\t\t<\/a>\n\t\t\t\t\t\t\t\t\t\t\t\t\t\t\t\t\t<\/div>\n\t\t\t\t\t\t\t<\/div>\n\t\t\t\t\t\t<\/div>\n\t\t\t\t\t\t\t\t\t\t\t\t<div class=\"swiper-slide\">\n\t\t\t\t\t\t\t<div class=\"slide-item\">\n\t\t\t\t\t\t\t\t<div class=\"image kf-image-hover\">\n\t\t\t\t\t\t\t\t\t\t\t\t\t\t\t\t\t\t<a href=\"https:\/\/www.instagram.com\/p\/CsrA2p5sGby\/\" target=\"_blank\">\n\t\t\t\t\t\t\t\t\t\t<img decoding=\"async\" src=\"https:\/\/cafelapuerta.com\/wp-content\/uploads\/2023\/08\/Publicaciones-Cafe-La-Puerta17.png\" alt=\"Item #1\" \/>\n\t\t\t\t\t\t\t\t\t\t<i class=\"fab fa-instagram\"><\/i>\n\t\t\t\t\t\t\t\t\t<\/a>\n\t\t\t\t\t\t\t\t\t\t\t\t\t\t\t\t\t<\/div>\n\t\t\t\t\t\t\t<\/div>\n\t\t\t\t\t\t<\/div>\n\t\t\t\t\t\t\t\t\t\t\t\t<div class=\"swiper-slide\">\n\t\t\t\t\t\t\t<div class=\"slide-item\">\n\t\t\t\t\t\t\t\t<div class=\"image kf-image-hover\">\n\t\t\t\t\t\t\t\t\t\t\t\t\t\t\t\t\t\t<a href=\"https:\/\/www.instagram.com\/p\/CtWrU9ktkuT\/\" target=\"_blank\">\n\t\t\t\t\t\t\t\t\t\t<img decoding=\"async\" src=\"https:\/\/cafelapuerta.com\/wp-content\/uploads\/2023\/08\/Publicaciones-Cafe-La-Puerta18.png\" alt=\"Item #2\" \/>\n\t\t\t\t\t\t\t\t\t\t<i class=\"fab fa-instagram\"><\/i>\n\t\t\t\t\t\t\t\t\t<\/a>\n\t\t\t\t\t\t\t\t\t\t\t\t\t\t\t\t\t<\/div>\n\t\t\t\t\t\t\t<\/div>\n\t\t\t\t\t\t<\/div>\n\t\t\t\t\t\t\t\t\t\t\t\t<div class=\"swiper-slide\">\n\t\t\t\t\t\t\t<div class=\"slide-item\">\n\t\t\t\t\t\t\t\t<div class=\"image kf-image-hover\">\n\t\t\t\t\t\t\t\t\t\t\t\t\t\t\t\t\t\t<a href=\"https:\/\/www.instagram.com\/p\/CuHtTcwvxCX\/\" target=\"_blank\">\n\t\t\t\t\t\t\t\t\t\t<img decoding=\"async\" src=\"https:\/\/cafelapuerta.com\/wp-content\/uploads\/2023\/08\/Publicaciones-Cafe-La-Puerta19.png\" alt=\"Item #3\" \/>\n\t\t\t\t\t\t\t\t\t\t<i class=\"fab fa-instagram\"><\/i>\n\t\t\t\t\t\t\t\t\t<\/a>\n\t\t\t\t\t\t\t\t\t\t\t\t\t\t\t\t\t<\/div>\n\t\t\t\t\t\t\t<\/div>\n\t\t\t\t\t\t<\/div>\n\t\t\t\t\t\t\t\t\t\t\t\t<div class=\"swiper-slide\">\n\t\t\t\t\t\t\t<div class=\"slide-item\">\n\t\t\t\t\t\t\t\t<div class=\"image kf-image-hover\">\n\t\t\t\t\t\t\t\t\t\t\t\t\t\t\t\t\t\t<a href=\"https:\/\/www.instagram.com\/p\/CuXKEXFo_FL\/\" target=\"_blank\">\n\t\t\t\t\t\t\t\t\t\t<img decoding=\"async\" src=\"https:\/\/cafelapuerta.com\/wp-content\/uploads\/2023\/08\/Publicaciones-Cafe-La-Puerta20.png\" alt=\"Item #4\" \/>\n\t\t\t\t\t\t\t\t\t\t<i class=\"fab fa-instagram\"><\/i>\n\t\t\t\t\t\t\t\t\t<\/a>\n\t\t\t\t\t\t\t\t\t\t\t\t\t\t\t\t\t<\/div>\n\t\t\t\t\t\t\t<\/div>\n\t\t\t\t\t\t<\/div>\n\t\t\t\t\t\t\t\t\t\t\t\t<div class=\"swiper-slide\">\n\t\t\t\t\t\t\t<div class=\"slide-item\">\n\t\t\t\t\t\t\t\t<div class=\"image kf-image-hover\">\n\t\t\t\t\t\t\t\t\t\t\t\t\t\t\t\t\t\t<a href=\"https:\/\/www.instagram.com\/p\/Cu9x_iHosMF\/\" target=\"_blank\">\n\t\t\t\t\t\t\t\t\t\t<img decoding=\"async\" src=\"https:\/\/cafelapuerta.com\/wp-content\/uploads\/2023\/08\/Publicaciones-Cafe-La-Puerta21.png\" alt=\"Item #5\" \/>\n\t\t\t\t\t\t\t\t\t\t<i class=\"fab fa-instagram\"><\/i>\n\t\t\t\t\t\t\t\t\t<\/a>\n\t\t\t\t\t\t\t\t\t\t\t\t\t\t\t\t\t<\/div>\n\t\t\t\t\t\t\t<\/div>\n\t\t\t\t\t\t<\/div>\n\t\t\t\t\t\t\t\t\t\t\t\t<div class=\"swiper-slide\">\n\t\t\t\t\t\t\t<div class=\"slide-item\">\n\t\t\t\t\t\t\t\t<div class=\"image kf-image-hover\">\n\t\t\t\t\t\t\t\t\t\t\t\t\t\t\t\t\t\t<a href=\"https:\/\/www.instagram.com\/p\/CvFgYEDt732\/\" target=\"_blank\">\n\t\t\t\t\t\t\t\t\t\t<img decoding=\"async\" src=\"https:\/\/cafelapuerta.com\/wp-content\/uploads\/2023\/08\/Publicaciones-Cafe-La-Puerta23.png\" alt=\"Item #6\" \/>\n\t\t\t\t\t\t\t\t\t\t<i class=\"fab fa-instagram\"><\/i>\n\t\t\t\t\t\t\t\t\t<\/a>\n\t\t\t\t\t\t\t\t\t\t\t\t\t\t\t\t\t<\/div>\n\t\t\t\t\t\t\t<\/div>\n\t\t\t\t\t\t<\/div>\n\t\t\t\t\t\t\t\t\t\t\t\t<div class=\"swiper-slide\">\n\t\t\t\t\t\t\t<div class=\"slide-item\">\n\t\t\t\t\t\t\t\t<div class=\"image kf-image-hover\">\n\t\t\t\t\t\t\t\t\t\t\t\t\t\t\t\t\t\t<a href=\"https:\/\/www.instagram.com\/p\/CuSAedLtMsS\/\" target=\"_blank\">\n\t\t\t\t\t\t\t\t\t\t<img decoding=\"async\" src=\"https:\/\/cafelapuerta.com\/wp-content\/uploads\/2023\/08\/Publicaciones-Cafe-La-Puerta25.png\" alt=\"Item #7\" \/>\n\t\t\t\t\t\t\t\t\t\t<i class=\"fab fa-instagram\"><\/i>\n\t\t\t\t\t\t\t\t\t<\/a>\n\t\t\t\t\t\t\t\t\t\t\t\t\t\t\t\t\t<\/div>\n\t\t\t\t\t\t\t<\/div>\n\t\t\t\t\t\t<\/div>\n\t\t\t\t\t\t\t\t\t\t\t\t\t\t\t\t\t\t\t\t\t\t\t<\/div>\n\t\t\t\t<\/div>\n\t\t\t<\/div>\n\t\t<\/section>\n\n\t\t\t\t\t\t<\/div>\n\t\t\t\t<\/div>\n\t\t\t\t\t<\/div>\n\t\t<\/div>\n\t\t\t\t\t<\/div>\n\t\t<\/section>\n\t\t\t\t<\/div>\n\t\t","protected":false},"excerpt":{"rendered":"<p>Nuestra ubicaci\u00f3n Oaxaca 1A, Centro, Dolores Hidalgo, Guanajuato, M\u00e9xico. Escr\u00edbenos cafelapuertadh@gmail.com Ll\u00e1manos +52 418 126 9000<\/p>\n","protected":false},"author":1,"featured_media":0,"parent":0,"menu_order":0,"comment_status":"closed","ping_status":"closed","template":"template-layout-builder.php","meta":{"footnotes":""},"class_list":["post-801","page","type-page","status-publish","hentry"],"acf":[],"_links":{"self":[{"href":"https:\/\/cafelapuerta.com\/index.php\/wp-json\/wp\/v2\/pages\/801","targetHints":{"allow":["GET"]}}],"collection":[{"href":"https:\/\/cafelapuerta.com\/index.php\/wp-json\/wp\/v2\/pages"}],"about":[{"href":"https:\/\/cafelapuerta.com\/index.php\/wp-json\/wp\/v2\/types\/page"}],"author":[{"embeddable":true,"href":"https:\/\/cafelapuerta.com\/index.php\/wp-json\/wp\/v2\/users\/1"}],"replies":[{"embeddable":true,"href":"https:\/\/cafelapuerta.com\/index.php\/wp-json\/wp\/v2\/comments?post=801"}],"version-history":[{"count":45,"href":"https:\/\/cafelapuerta.com\/index.php\/wp-json\/wp\/v2\/pages\/801\/revisions"}],"predecessor-version":[{"id":2025,"href":"https:\/\/cafelapuerta.com\/index.php\/wp-json\/wp\/v2\/pages\/801\/revisions\/2025"}],"wp:attachment":[{"href":"https:\/\/cafelapuerta.com\/index.php\/wp-json\/wp\/v2\/media?parent=801"}],"curies":[{"name":"wp","href":"https:\/\/api.w.org\/{rel}","templated":true}]}}